{"id":256,"date":"2015-11-23T17:47:36","date_gmt":"2015-11-23T16:47:36","guid":{"rendered":"http:\/\/www.claus-claussen.de\/?page_id=256"},"modified":"2015-11-23T18:31:40","modified_gmt":"2015-11-23T17:31:40","slug":"rungholtmuseum","status":"publish","type":"page","link":"https:\/\/www.claus-claussen.de\/index.php\/pellworm\/rungholtmuseum\/","title":{"rendered":"Rungholtmuseum"},"content":{"rendered":"<p>Aus der Beschreibung des Rungholtmuseums:<\/p>\n<p>Helmut Bahnsen, urspr\u00fcnglich Fischer und Wasserbauer, machte Anfang der 70er Jahre seine ersten Funde untergegangener Siedlungsfl\u00e4chen rund um Pellworm. Er begann, sich intensiv mit der Forschung zu besch\u00e4ftigen. Er verglich seine im Watt gewonnenen Erkenntnisse mit der vorhandenen Literatur, barg zahlreiche Funde, die sonst verloren gegangen w\u00e4ren und baut seit Anfang der 80er Jahre ein kleines privates Museum zur Thematik Untergegangene Kulturlandschaft auf. Neben den vielf\u00e4ltigen Funden <strong>beeindrucken seine Erz\u00e4hlungen<\/strong>, in denen er seine Erkenntnisse und Erlebnisse vermittelt.<\/p>\n<p>Hier finden Sie einige Filme, in denen Hellmut Bahnsen in der ihm eigenen\u00a0Art erz\u00e4hlt. Bitte bedenken Sie, das die Filme teilweise 10 Jahr und \u00e4lter sind und f\u00fcr die damalige Internetgeschwindigkeit kodiert wurden ;=).<\/p>\n","protected":false},"excerpt":{"rendered":"<p>Aus der Beschreibung des Rungholtmuseums: Helmut Bahnsen, urspr\u00fcnglich Fischer und Wasserbauer, machte Anfang der 70er Jahre seine ersten Funde untergegangener Siedlungsfl\u00e4chen rund um Pellworm. Er begann, sich intensiv mit der Forschung zu besch\u00e4ftigen. Er verglich seine im Watt gewonnenen Erkenntnisse mit der vorhandenen Literatur, barg zahlreiche Funde, die sonst verloren\u2026<\/p>\n<p> <a class=\"continue-reading-link\" href=\"https:\/\/www.claus-claussen.de\/index.php\/pellworm\/rungholtmuseum\/\"><span>weiterlesen<\/span><i class=\"crycon-right-dir\"><\/i><\/a> <\/p>\n","protected":false},"author":1,"featured_media":0,"parent":28,"menu_order":0,"comment_status":"closed","ping_status":"closed","template":"","meta":{"footnotes":""},"class_list":["post-256","page","type-page","status-publish","hentry","gallery-content-unit"],"_links":{"self":[{"href":"https:\/\/www.claus-claussen.de\/index.php\/wp-json\/wp\/v2\/pages\/256","targetHints":{"allow":["GET"]}}],"collection":[{"href":"https:\/\/www.claus-claussen.de\/index.php\/wp-json\/wp\/v2\/pages"}],"about":[{"href":"https:\/\/www.claus-claussen.de\/index.php\/wp-json\/wp\/v2\/types\/page"}],"author":[{"embeddable":true,"href":"https:\/\/www.claus-claussen.de\/index.php\/wp-json\/wp\/v2\/users\/1"}],"replies":[{"embeddable":true,"href":"https:\/\/www.claus-claussen.de\/index.php\/wp-json\/wp\/v2\/comments?post=256"}],"version-history":[{"count":2,"href":"https:\/\/www.claus-claussen.de\/index.php\/wp-json\/wp\/v2\/pages\/256\/revisions"}],"predecessor-version":[{"id":262,"href":"https:\/\/www.claus-claussen.de\/index.php\/wp-json\/wp\/v2\/pages\/256\/revisions\/262"}],"up":[{"embeddable":true,"href":"https:\/\/www.claus-claussen.de\/index.php\/wp-json\/wp\/v2\/pages\/28"}],"wp:attachment":[{"href":"https:\/\/www.claus-claussen.de\/index.php\/wp-json\/wp\/v2\/media?parent=256"}],"curies":[{"name":"wp","href":"https:\/\/api.w.org\/{rel}","templated":true}]}}