{"id":15,"date":"2015-11-16T17:47:34","date_gmt":"2015-11-16T16:47:34","guid":{"rendered":"http:\/\/www.claus-claussen.de\/?page_id=15"},"modified":"2015-11-20T16:18:23","modified_gmt":"2015-11-20T15:18:23","slug":"impressum","status":"publish","type":"page","link":"https:\/\/www.claus-claussen.de\/index.php\/impressum\/","title":{"rendered":"Impressum"},"content":{"rendered":"<p>Claus Claussen<\/p>\n<p>Tannenstr. 28<\/p>\n<p>26122 Oldenburg<\/p>\n<p>Tel. 0441\/87838<\/p>\n<p><strong>Haftungshinweis:<\/strong><br \/>\nTrotz sorgf\u00e4ltiger inhaltlicher Kontrolle \u00fcbernehmen wir keine Haftung f\u00fcr die Inhalte externer Links. F\u00fcr den Inhalt der verlinkten Seiten sind ausschlie\u00dflich deren Betreiber verantwortlich.<\/p>\n","protected":false},"excerpt":{"rendered":"<p>Claus Claussen Tannenstr. 28 26122 Oldenburg Tel. 0441\/87838 Haftungshinweis: Trotz sorgf\u00e4ltiger inhaltlicher Kontrolle \u00fcbernehmen wir keine Haftung f\u00fcr die Inhalte externer Links. F\u00fcr den Inhalt der verlinkten Seiten sind ausschlie\u00dflich deren Betreiber verantwortlich.<\/p>\n<p> <a class=\"continue-reading-link\" href=\"https:\/\/www.claus-claussen.de\/index.php\/impressum\/\"><span>weiterlesen<\/span><i class=\"crycon-right-dir\"><\/i><\/a> <\/p>\n","protected":false},"author":1,"featured_media":0,"parent":0,"menu_order":7,"comment_status":"closed","ping_status":"closed","template":"","meta":{"footnotes":""},"class_list":["post-15","page","type-page","status-publish","hentry","gallery-content-unit"],"_links":{"self":[{"href":"https:\/\/www.claus-claussen.de\/index.php\/wp-json\/wp\/v2\/pages\/15","targetHints":{"allow":["GET"]}}],"collection":[{"href":"https:\/\/www.claus-claussen.de\/index.php\/wp-json\/wp\/v2\/pages"}],"about":[{"href":"https:\/\/www.claus-claussen.de\/index.php\/wp-json\/wp\/v2\/types\/page"}],"author":[{"embeddable":true,"href":"https:\/\/www.claus-claussen.de\/index.php\/wp-json\/wp\/v2\/users\/1"}],"replies":[{"embeddable":true,"href":"https:\/\/www.claus-claussen.de\/index.php\/wp-json\/wp\/v2\/comments?post=15"}],"version-history":[{"count":3,"href":"https:\/\/www.claus-claussen.de\/index.php\/wp-json\/wp\/v2\/pages\/15\/revisions"}],"predecessor-version":[{"id":166,"href":"https:\/\/www.claus-claussen.de\/index.php\/wp-json\/wp\/v2\/pages\/15\/revisions\/166"}],"wp:attachment":[{"href":"https:\/\/www.claus-claussen.de\/index.php\/wp-json\/wp\/v2\/media?parent=15"}],"curies":[{"name":"wp","href":"https:\/\/api.w.org\/{rel}","templated":true}]}}